{"id":52777,"date":"2025-08-27T13:26:11","date_gmt":"2025-08-27T11:26:11","guid":{"rendered":"https:\/\/vectoflow.com\/broschueren\/"},"modified":"2025-09-07T14:53:21","modified_gmt":"2025-09-07T12:53:21","slug":"broschueren","status":"publish","type":"page","link":"https:\/\/vectoflow.com\/de\/broschueren\/","title":{"rendered":"Brosch\u00fcren"},"content":{"rendered":"\n<div class=\"gbp-section gb-element-0bdb0011\" style=\"--inline-bg-image: url(https:\/\/vectoflow.com\/wp-content\/uploads\/2025\/08\/vectoflow_Hero_BG-1.jpg)\">\n<div class=\"gbp-section__inner gb-element-678496bf\">\n<h1 class=\"gb-text gbp-section__headline white gb-text-19d9023c\">BROSCH\u00dcREN &amp; WHITEPAPER <\/h1>\n\n\n\n<div class=\"gb-element-aad80d34\">\n<p class=\"gb-text gbp-section__text white\">Entdecken Sie unsere Brosch\u00fcren f\u00fcr detaillierte Einblicke in die Produkte, Technologien und Anwendungen von Vectoflow \u2013 von Luft- und Raumfahrt \u00fcber Automobil bis hin zu Windenergie und Turbomaschinen.<\/p>\n<\/div>\n<\/div>\n<\/div>\n\n\n\n<div class=\"gbp-section gb-element-5724d950\">\n<div class=\"gbp-section__inner gb-element-c4e2ca30\">\n<div><div class=\"gb-looper-90adc0b9\">\n<div class=\"gb-loop-item gbp-card--border gb-loop-item-1b8996c4 post-52952 brochure type-brochure status-publish has-post-thumbnail hentry\">\n<a href=\"https:\/\/vectoflow.com\/de\/brochure\/windflower-solution-sheet\/\"><img loading=\"lazy\" decoding=\"async\" width=\"750\" height=\"392\" alt=\"\" data-media-id=\"52682\" class=\"gb-media-16833274\" src=\"https:\/\/vectoflow.com\/wp-content\/smush-webp\/2025\/09\/Wind-Brochure.png.webp\" srcset=\"https:\/\/vectoflow.com\/wp-content\/smush-webp\/2025\/09\/Wind-Brochure.png.webp 750w, https:\/\/vectoflow.com\/wp-content\/smush-webp\/2025\/09\/Wind-Brochure-300x157.png.webp 300w\" sizes=\"auto, (max-width: 750px) 100vw, 750px\" title=\"\"><\/a>\n\n\n\n<div class=\"gbp-card gb-element-f215e348\">\n<h2 class=\"gb-text gbp-card__title gb-text-70460acd\">PRODUKTPORTFOLIO<\/h2>\n\n\n\n<h2 class=\"gb-text gbp-card__title gb-text-4d3e5179\"><a href=\"https:\/\/vectoflow.com\/de\/brochure\/windflower-solution-sheet\/\">Windflower Solution Sheet<\/a><\/h2>\n\n\n\n<a class=\"gb-text gb-text-f831c8d7\" href=\"https:\/\/vectoflow.com\/de\/brochure\/windflower-solution-sheet\/\"><strong>MEHR<\/strong><\/a>\n<\/div>\n<\/div>\n\n<div class=\"gb-loop-item gbp-card--border gb-loop-item-1b8996c4 post-52954 brochure type-brochure status-publish has-post-thumbnail hentry\">\n<a href=\"https:\/\/vectoflow.com\/de\/brochure\/produktportfolio-fuer-automobil-motorsport\/\"><img loading=\"lazy\" decoding=\"async\" width=\"750\" height=\"392\" alt=\"\" data-media-id=\"52681\" class=\"gb-media-16833274\" src=\"https:\/\/vectoflow.com\/wp-content\/smush-webp\/2025\/09\/Mororsport-Brochure.png.webp\" srcset=\"https:\/\/vectoflow.com\/wp-content\/smush-webp\/2025\/09\/Mororsport-Brochure.png.webp 750w, https:\/\/vectoflow.com\/wp-content\/smush-webp\/2025\/09\/Mororsport-Brochure-300x157.png.webp 300w\" sizes=\"auto, (max-width: 750px) 100vw, 750px\" title=\"\"><\/a>\n\n\n\n<div class=\"gbp-card gb-element-f215e348\">\n<h2 class=\"gb-text gbp-card__title gb-text-70460acd\">PRODUKTPORTFOLIO<\/h2>\n\n\n\n<h2 class=\"gb-text gbp-card__title gb-text-4d3e5179\"><a href=\"https:\/\/vectoflow.com\/de\/brochure\/produktportfolio-fuer-automobil-motorsport\/\">Produktportfolio f\u00fcr Automobil &amp; Motorsport<\/a><\/h2>\n\n\n\n<a class=\"gb-text gb-text-f831c8d7\" href=\"https:\/\/vectoflow.com\/de\/brochure\/produktportfolio-fuer-automobil-motorsport\/\"><strong>MEHR<\/strong><\/a>\n<\/div>\n<\/div>\n\n<div class=\"gb-loop-item gbp-card--border gb-loop-item-1b8996c4 post-52956 brochure type-brochure status-publish has-post-thumbnail hentry\">\n<a href=\"https:\/\/vectoflow.com\/de\/brochure\/dynamic-flow-measurement\/\"><img loading=\"lazy\" decoding=\"async\" width=\"768\" height=\"402\" alt=\"\" data-media-id=\"52602\" class=\"gb-media-16833274\" src=\"https:\/\/vectoflow.com\/wp-content\/smush-webp\/2025\/08\/Brochure-Thumbnails-4-768x402.png.webp\" srcset=\"https:\/\/vectoflow.com\/wp-content\/smush-webp\/2025\/08\/Brochure-Thumbnails-4-768x402.png.webp 768w, https:\/\/vectoflow.com\/wp-content\/smush-webp\/2025\/08\/Brochure-Thumbnails-4-300x157.png.webp 300w, https:\/\/vectoflow.com\/wp-content\/smush-webp\/2025\/08\/Brochure-Thumbnails-4-1024x536.png.webp 1024w, https:\/\/vectoflow.com\/wp-content\/smush-webp\/2025\/08\/Brochure-Thumbnails-4.png.webp 1200w\" sizes=\"auto, (max-width: 768px) 100vw, 768px\" title=\"\"><\/a>\n\n\n\n<div class=\"gbp-card gb-element-f215e348\">\n<h2 class=\"gb-text gbp-card__title gb-text-70460acd\">PRODUKTPORTFOLIO<\/h2>\n\n\n\n<h2 class=\"gb-text gbp-card__title gb-text-4d3e5179\"><a href=\"https:\/\/vectoflow.com\/de\/brochure\/dynamic-flow-measurement\/\">Produktportfolio f\u00fcr Dynamische St\u00f6mungsmessung<\/a><\/h2>\n\n\n\n<a class=\"gb-text gb-text-f831c8d7\" href=\"https:\/\/vectoflow.com\/de\/brochure\/dynamic-flow-measurement\/\"><strong>MEHR<\/strong><\/a>\n<\/div>\n<\/div>\n\n<div class=\"gb-loop-item gbp-card--border gb-loop-item-1b8996c4 post-52958 brochure type-brochure status-publish has-post-thumbnail hentry\">\n<a href=\"https:\/\/vectoflow.com\/de\/brochure\/air-data-solutions-product-portfolio\/\"><img loading=\"lazy\" decoding=\"async\" width=\"768\" height=\"402\" alt=\"\" data-media-id=\"52598\" class=\"gb-media-16833274\" src=\"https:\/\/vectoflow.com\/wp-content\/smush-webp\/2025\/08\/Brochure-Thumbnails-3-768x402.png.webp\" srcset=\"https:\/\/vectoflow.com\/wp-content\/smush-webp\/2025\/08\/Brochure-Thumbnails-3-768x402.png.webp 768w, https:\/\/vectoflow.com\/wp-content\/smush-webp\/2025\/08\/Brochure-Thumbnails-3-300x157.png.webp 300w, https:\/\/vectoflow.com\/wp-content\/smush-webp\/2025\/08\/Brochure-Thumbnails-3-1024x535.png.webp 1024w, https:\/\/vectoflow.com\/wp-content\/smush-webp\/2025\/08\/Brochure-Thumbnails-3.png.webp 1050w\" sizes=\"auto, (max-width: 768px) 100vw, 768px\" title=\"\"><\/a>\n\n\n\n<div class=\"gbp-card gb-element-f215e348\">\n<h2 class=\"gb-text gbp-card__title gb-text-70460acd\">PRODUKTPORTFOLIO<\/h2>\n\n\n\n<h2 class=\"gb-text gbp-card__title gb-text-4d3e5179\"><a href=\"https:\/\/vectoflow.com\/de\/brochure\/air-data-solutions-product-portfolio\/\">Air Data Solutions Produktportfolio<\/a><\/h2>\n\n\n\n<a class=\"gb-text gb-text-f831c8d7\" href=\"https:\/\/vectoflow.com\/de\/brochure\/air-data-solutions-product-portfolio\/\"><strong>MEHR<\/strong><\/a>\n<\/div>\n<\/div>\n\n<div class=\"gb-loop-item gbp-card--border gb-loop-item-1b8996c4 post-52960 brochure type-brochure status-publish has-post-thumbnail hentry\">\n<a href=\"https:\/\/vectoflow.com\/de\/brochure\/produktportfolio-fur-turbomaschinen\/\"><img loading=\"lazy\" decoding=\"async\" width=\"768\" height=\"402\" alt=\"\" data-media-id=\"52593\" class=\"gb-media-16833274\" src=\"https:\/\/vectoflow.com\/wp-content\/smush-webp\/2025\/08\/Brochure-Thumbnails-2-768x402.png.webp\" srcset=\"https:\/\/vectoflow.com\/wp-content\/smush-webp\/2025\/08\/Brochure-Thumbnails-2-768x402.png.webp 768w, https:\/\/vectoflow.com\/wp-content\/smush-webp\/2025\/08\/Brochure-Thumbnails-2-300x157.png.webp 300w, https:\/\/vectoflow.com\/wp-content\/smush-webp\/2025\/08\/Brochure-Thumbnails-2-1024x536.png.webp 1024w, https:\/\/vectoflow.com\/wp-content\/smush-webp\/2025\/08\/Brochure-Thumbnails-2.png.webp 1200w\" sizes=\"auto, (max-width: 768px) 100vw, 768px\" title=\"\"><\/a>\n\n\n\n<div class=\"gbp-card gb-element-f215e348\">\n<h2 class=\"gb-text gbp-card__title gb-text-70460acd\">PRODUKTPORTFOLIO<\/h2>\n\n\n\n<h2 class=\"gb-text gbp-card__title gb-text-4d3e5179\"><a href=\"https:\/\/vectoflow.com\/de\/brochure\/produktportfolio-fur-turbomaschinen\/\">Produktportfolio f\u00fcr Turbomaschinen<\/a><\/h2>\n\n\n\n<a class=\"gb-text gb-text-f831c8d7\" href=\"https:\/\/vectoflow.com\/de\/brochure\/produktportfolio-fur-turbomaschinen\/\"><strong>MEHR<\/strong><\/a>\n<\/div>\n<\/div>\n<\/div><\/div>\n<\/div>\n<\/div>\n\n\n\n<p><\/p>\n","protected":false},"excerpt":{"rendered":"<p>BROSCH\u00dcREN &amp; WHITEPAPER Entdecken Sie unsere Brosch\u00fcren f\u00fcr detaillierte Einblicke in die Produkte, Technologien und Anwendungen von Vectoflow \u2013 von Luft- und Raumfahrt \u00fcber Automobil bis hin zu Windenergie und Turbomaschinen.<\/p>\n","protected":false},"author":1,"featured_media":0,"parent":0,"menu_order":0,"comment_status":"closed","ping_status":"closed","template":"","meta":{"_acf_changed":false,"inline_featured_image":false,"footnotes":""},"class_list":["post-52777","page","type-page","status-publish"],"acf":[],"_links":{"self":[{"href":"https:\/\/vectoflow.com\/de\/wp-json\/wp\/v2\/pages\/52777","targetHints":{"allow":["GET"]}}],"collection":[{"href":"https:\/\/vectoflow.com\/de\/wp-json\/wp\/v2\/pages"}],"about":[{"href":"https:\/\/vectoflow.com\/de\/wp-json\/wp\/v2\/types\/page"}],"author":[{"embeddable":true,"href":"https:\/\/vectoflow.com\/de\/wp-json\/wp\/v2\/users\/1"}],"replies":[{"embeddable":true,"href":"https:\/\/vectoflow.com\/de\/wp-json\/wp\/v2\/comments?post=52777"}],"version-history":[{"count":2,"href":"https:\/\/vectoflow.com\/de\/wp-json\/wp\/v2\/pages\/52777\/revisions"}],"predecessor-version":[{"id":52963,"href":"https:\/\/vectoflow.com\/de\/wp-json\/wp\/v2\/pages\/52777\/revisions\/52963"}],"wp:attachment":[{"href":"https:\/\/vectoflow.com\/de\/wp-json\/wp\/v2\/media?parent=52777"}],"curies":[{"name":"wp","href":"https:\/\/api.w.org\/{rel}","templated":true}]}}